{"id":3,"date":"2023-09-25T07:50:26","date_gmt":"2023-09-25T05:50:26","guid":{"rendered":"http:\/\/agnes-nutrisante.fr\/?page_id=3"},"modified":"2025-10-16T11:38:54","modified_gmt":"2025-10-16T09:38:54","slug":"politique-de-confidentialite","status":"publish","type":"page","link":"https:\/\/agnes-nutrisante.fr\/?page_id=3","title":{"rendered":"Politique de confidentialit\u00e9"},"content":{"rendered":"\t\t<div data-elementor-type=\"wp-page\" data-elementor-id=\"3\" class=\"elementor elementor-3\">\n\t\t\t\t<div class=\"elementor-element elementor-element-79e4339c e-flex e-con-boxed e-con e-parent\" data-id=\"79e4339c\" data-element_type=\"container\" data-e-type=\"container\">\n\t\t\t\t\t<div class=\"e-con-inner\">\n\t\t\t\t<div class=\"elementor-element elementor-element-4157bb6b elementor-widget elementor-widget-text-editor\" data-id=\"4157bb6b\" data-element_type=\"widget\" data-e-type=\"widget\" data-widget_type=\"text-editor.default\">\n\t\t\t\t<div class=\"elementor-widget-container\">\n\t\t\t\t\t\t\t\t\t<h1 style=\"box-sizing: border-box; margin-block: 0.5rem 1rem; font-family: inherit; font-weight: 500; line-height: 1.2; color: inherit; font-size: 2.5rem;\"><b style=\"box-sizing: border-box; font-weight: bolder;\"><u style=\"box-sizing: border-box;\">CONDITIONS D\u2019UTILISATION et MENTIONS LEGALES<\/u><\/b><\/h1><h6 style=\"box-sizing: border-box; margin-block: 0.5rem 1rem; font-family: inherit; font-weight: 500; line-height: 1.2; color: inherit; font-size: 1rem;\">Conform\u00e9ment aux dispositions de la loi\u00a0<b style=\"box-sizing: border-box; font-weight: bolder;\">n\u00b0 2004-575 du 21 juin 2004<\/b> pour la confiance en l\u2019\u00e9conomie num\u00e9rique, il est pr\u00e9cis\u00e9 aux utilisateurs du site <a href=\"http:\/\/www.agnes-nutrisante.fr\"><span style=\"color: #ff0000;\">www.agnes-nutrisante.fr<\/span><\/a> l\u2019identit\u00e9 des diff\u00e9rents intervenants dans le cadre de sa r\u00e9alisation et de son suivi.<\/h6><div style=\"color: #000000; font-family: Vidaloka, sans-serif; font-size: 15px; font-style: normal; font-variant-ligatures: normal; font-variant-caps: normal; font-weight: 400;\">\u00a0<\/div><h2 style=\"margin-block: 0.5rem 1rem; font-family: Vidaloka, sans-serif; font-weight: 500; line-height: 1.2; color: #000000; font-size: 2rem; font-style: normal; font-variant-ligatures: normal; font-variant-caps: normal;\"><span style=\"font-weight: bolder;\">Qui sommes-nous\u00a0?<\/span><\/h2><div style=\"color: #000000; font-family: Vidaloka, sans-serif; font-size: 15px; font-style: normal; font-variant-ligatures: normal; font-variant-caps: normal; font-weight: 400;\">Agn\u00e8s Nutri-sant\u00e9<\/div><p style=\"margin-block: 0px 0.9rem; color: #000000; font-family: Vidaloka, sans-serif; font-size: 15px; font-style: normal; font-variant-ligatures: normal; font-variant-caps: normal; font-weight: 400;\">L\u2019adresse de notre site est : <a href=\"http:\/\/www.agnes-nutrisante.fr\"><span style=\"color: #ff0000;\">www.agnes-nutrisante.fr<\/span><\/a><\/p><p style=\"margin-block: 0px 0.9rem; color: #000000; font-family: Vidaloka, sans-serif; font-size: 15px; font-style: normal; font-variant-ligatures: normal; font-variant-caps: normal; font-weight: 400;\"><u>Propri\u00e9taire du site :<\/u> Mme MASNADA Agn\u00e8s.<\/p><h4 style=\"margin-block: 0.5rem 1rem; font-family: Vidaloka, sans-serif; font-weight: 500; line-height: 1.2; color: #000000; font-size: 1.5rem; font-style: normal; font-variant-ligatures: normal; font-variant-caps: normal;\">Edition du site :<\/h4><p style=\"margin-block: 0px 0.9rem; color: #000000; font-family: Vidaloka, sans-serif; font-size: 15px; font-style: normal; font-variant-ligatures: normal; font-variant-caps: normal; font-weight: 400;\">Le site <a href=\"http:\/\/www.agnes-nutrisante.fr\"><span style=\"color: #ff0000;\">www.agnes-nutrisante.fr<\/span><\/a> est produit par <span style=\"color: #ff0000;\"><a style=\"color: #ff0000;\" href=\"http:\/\/www.mon-design.fr\/\" target=\"_blank\" rel=\"noopener\">www.mon-design.fr<\/a>.<\/span><\/p><p style=\"margin-block: 0px 0.9rem; color: #000000; font-family: Vidaloka, sans-serif; font-size: 15px; font-style: normal; font-variant-ligatures: normal; font-variant-caps: normal; font-weight: 400;\">H\u00e9bergement : Hostinger<\/p><p style=\"margin-block: 0px 0.9rem; color: #000000; font-family: Vidaloka, sans-serif; font-size: 15px; font-style: normal; font-variant-ligatures: normal; font-variant-caps: normal; font-weight: 400;\">61 Lordou Vironos Street, 6023 Larcana, Chypres.<\/p><p style=\"margin-block: 0px 0.9rem; color: #000000; font-family: Vidaloka, sans-serif; font-size: 15px; font-style: normal; font-variant-ligatures: normal; font-variant-caps: normal; font-weight: 400;\"><span style=\"color: #222222; font-family: Arial, Helvetica, sans-serif; font-size: small; font-style: normal; font-variant-ligatures: normal; font-variant-caps: normal; font-weight: 400; text-align: start;\">Conform\u00e9ment aux articles L.616-1 et R.616-1 du code de la consommation, cette soci\u00e9t\u00e9 a mis en place un dispositif de m\u00e9diation de la consommation.<\/span><\/p><p style=\"margin-block: 0px 0.9rem; color: #000000; font-family: Vidaloka, sans-serif; font-size: 15px; font-style: normal; font-variant-ligatures: normal; font-variant-caps: normal; font-weight: 400;\"><span style=\"color: #333333; font-family: Georgia, 'Times New Roman', 'Bitstream Charter', Times, serif; font-size: 16px;\">L&#8217;entit\u00e9 de m\u00e9diation retenue est : MEDIATION CONSOMMATION DEVELOPPEMENT \/ MED CONSO DEV <\/span><a style=\"font-family: Georgia, 'Times New Roman', 'Bitstream Charter', Times, serif; font-size: 16px;\" href=\"https:\/\/www.medconsodev.eu\/\" target=\"_blank\" rel=\"noopener noreferrer\" data-saferedirecturl=\"https:\/\/www.google.com\/url?q=https:\/\/www.medconsodev.eu&amp;source=gmail&amp;ust=1760692612167000&amp;usg=AOvVaw1MjIjoPNdMSio-KgBPUw3-\">https:\/\/www.medconsodev.eu<\/a><span style=\"color: #333333; font-family: Georgia, 'Times New Roman', 'Bitstream Charter', Times, serif; font-size: 16px;\">\u00a0ou par voie postale en \u00e9crivant \u00e0 MED CONSO DEV &#8211; Centre des affaires St\u00e9phanois SAS &#8211; IMMEUBLE L&#8217;HORIZON &#8211;\u00a0<\/span>ESPLANADE DE FRANCE &#8211;\u00a0<a style=\"font-family: Georgia, 'Times New Roman', 'Bitstream Charter', Times, serif; font-size: 16px;\" href=\"https:\/\/www.google.com\/maps\/search\/ESPLANADE+DE+FRANCE+-+3?entry=gmail&amp;source=g\" target=\"_blank\" rel=\"noopener\" data-saferedirecturl=\"https:\/\/www.google.com\/url?q=https:\/\/www.google.com\/maps\/search\/ESPLANADE%2BDE%2BFRANCE%2B-%2B3?entry%3Dgmail%26source%3Dg&amp;source=gmail&amp;ust=1760692612167000&amp;usg=AOvVaw3C7mtRJztoPwBH1XAIj9vO\">3 <\/a><span style=\"color: #333333; font-family: Georgia, 'Times New Roman', 'Bitstream Charter', Times, serif; font-size: 16px;\">rue J.CONSTANT MILLERET &#8211;\u00a0 42 000 SAINT ETIENNE.<\/span><\/p><h2 style=\"margin-block: 0.5rem 1rem; font-family: Vidaloka, sans-serif; font-weight: 500; line-height: 1.2; color: #000000; font-size: 2rem; font-style: normal; font-variant-ligatures: normal; font-variant-caps: normal;\"><span style=\"font-weight: bolder;\">Propri\u00e9t\u00e9 intellectuelles<\/span><\/h2><div style=\"color: #000000; font-family: Vidaloka, sans-serif; font-size: 15px; font-style: normal; font-variant-ligatures: normal; font-variant-caps: normal; font-weight: 400;\">La structure g\u00e9n\u00e9rale du site www.agnes-nutrisante.fr, ainsi que le contenu (textes, images, photos,\u2026) la composant sont propri\u00e9t\u00e9 de Mme MASNADA ou de ses partenaires. Toute repr\u00e9sentation et\/ou reproduction et\/ou exploitation partielle ou totale des contenus et services propos\u00e9s par le site www.agnes-nutrisante.fr, par quelque proc\u00e9d\u00e9 que ce soit, sans l\u2019autorisation pr\u00e9alable et \u00e9crite du propri\u00e9taire est strictement interdite et serait susceptible de constituer une contrefa\u00e7on au sens des articles L 335-2 et suivants du Code de la propri\u00e9t\u00e9 intellectuelle.<\/div><div style=\"color: #000000; font-family: Vidaloka, sans-serif; font-size: 15px; font-style: normal; font-variant-ligatures: normal; font-variant-caps: normal; font-weight: 400;\">\u00a0<\/div><h2 style=\"margin-block: 0.5rem 1rem; font-family: Vidaloka, sans-serif; font-weight: 500; line-height: 1.2; color: #000000; font-size: 2rem; font-style: normal; font-variant-ligatures: normal; font-variant-caps: normal;\"><span style=\"font-weight: bolder;\">Responsabilit\u00e9s<\/span><\/h2><p style=\"margin-block: 0px 0.9rem; color: #000000; font-family: Vidaloka, sans-serif; font-size: 15px; font-style: normal; font-variant-ligatures: normal; font-variant-caps: normal; font-weight: 400;\">Bien que les informations publi\u00e9es sur le site soient r\u00e9put\u00e9es fiables, le site se r\u00e9serve la facult\u00e9 d\u2019une non-garantie de la fiabilit\u00e9 des sources.<\/p><p style=\"margin-block: 0px 0.9rem; color: #000000; font-family: Vidaloka, sans-serif; font-size: 15px; font-style: normal; font-variant-ligatures: normal; font-variant-caps: normal; font-weight: 400;\">Les informations diffus\u00e9es sur le site www.agnes-nutrisante.fr sont pr\u00e9sent\u00e9es \u00e0 titre purement informatif et sont sans valeur contractuelle. En d\u00e9pit des mises \u00e0 jour r\u00e9guli\u00e8res, la responsabilit\u00e9 du site ne peut \u00eatre engag\u00e9e en cas de modification des dispositions administratives et juridiques apparaissant apr\u00e8s la publication. Il en est de m\u00eame pour l\u2019utilisation et l\u2019interpr\u00e9tation des informations communiqu\u00e9es sur la plateforme.<\/p><p style=\"margin-block: 0px 0.9rem; color: #000000; font-family: Vidaloka, sans-serif; font-size: 15px; font-style: normal; font-variant-ligatures: normal; font-variant-caps: normal; font-weight: 400;\">Le site d\u00e9cline toute responsabilit\u00e9 concernant les \u00e9ventuels virus pouvant infecter le mat\u00e9riel informatique de l\u2019Utilisateur apr\u00e8s l\u2019utilisation ou l\u2019acc\u00e8s \u00e0 ce site.<\/p><p style=\"margin-block: 0px 0.9rem; color: #000000; font-family: Vidaloka, sans-serif; font-size: 15px; font-style: normal; font-variant-ligatures: normal; font-variant-caps: normal; font-weight: 400;\">Le site ne peut \u00eatre tenu pour responsable en cas de force majeure ou du fait impr\u00e9visible et insurmontable d\u2019un tiers.<\/p><p style=\"margin-block: 0px 0.9rem; color: #000000; font-family: Vidaloka, sans-serif; font-size: 15px; font-style: normal; font-variant-ligatures: normal; font-variant-caps: normal; font-weight: 400;\">La garantie totale de la s\u00e9curit\u00e9 et la confidentialit\u00e9 des donn\u00e9es n\u2019est pas assur\u00e9e par le site. Cependant, le site s\u2019engage \u00e0 mettre en \u0153uvre toutes les m\u00e9thodes requises pour le faire au mieux.<\/p><p style=\"margin-block: 0px 0.9rem; color: #000000; font-family: Vidaloka, sans-serif; font-size: 15px; font-style: normal; font-variant-ligatures: normal; font-variant-caps: normal; font-weight: 400;\">Pour des raisons de maintenance ou autres, l\u2019acc\u00e8s au site peut \u00eatre interrompu ou suspendu par l\u2019\u00e9diteur sans pr\u00e9avis ni justification.<\/p><h2 style=\"margin-block: 0.5rem 1rem; font-family: Vidaloka, sans-serif; font-weight: 500; line-height: 1.2; color: #000000; font-size: 2rem; font-style: normal; font-variant-ligatures: normal; font-variant-caps: normal;\"><span style=\"font-weight: bolder;\">Cookies<\/span><\/h2><p style=\"margin-block: 0px 0.9rem; color: #000000; font-family: Vidaloka, sans-serif; font-size: 15px; font-style: normal; font-variant-ligatures: normal; font-variant-caps: normal; font-weight: 400;\">Lors des visites sur le site, l\u2019installation automatique d\u2019un cookie sur le logiciel de navigation de l\u2019Utilisateur peut survenir.<\/p><p style=\"margin-block: 0px 0.9rem; color: #000000; font-family: Vidaloka, sans-serif; font-size: 15px; font-style: normal; font-variant-ligatures: normal; font-variant-caps: normal; font-weight: 400;\">Les cookies correspondent \u00e0 de petits fichiers d\u00e9pos\u00e9s temporairement sur le disque dur de l\u2019ordinateur de l\u2019Utilisateur. Ces cookies sont n\u00e9cessaires pour assurer l\u2019accessibilit\u00e9 et la navigation sur le site. Ces fichiers ne comportent pas d\u2019informations personnelles et ne peuvent pas \u00eatre utilis\u00e9s pour l\u2019identification d\u2019une personne.<\/p><p style=\"margin-block: 0px 0.9rem; color: #000000; font-family: Vidaloka, sans-serif; font-size: 15px; font-style: normal; font-variant-ligatures: normal; font-variant-caps: normal; font-weight: 400;\">L\u2019information pr\u00e9sente dans les cookies est utilis\u00e9e pour am\u00e9liorer les performances de navigation sur le site www.agnes-nutrisante.fr.<\/p><p style=\"margin-block: 0px 0.9rem; color: #000000; font-family: Vidaloka, sans-serif; font-size: 15px; font-style: normal; font-variant-ligatures: normal; font-variant-caps: normal; font-weight: 400;\">En naviguant sur le site, l\u2019Utilisateur accepte les cookies. Leur d\u00e9sactivation peut s\u2019effectuer via les param\u00e8tres du logiciel de navigation.<\/p><h2 style=\"margin-block: 0.5rem 1rem; font-family: Vidaloka, sans-serif; font-weight: 500; line-height: 1.2; color: #000000; font-size: 2rem; font-style: normal; font-variant-ligatures: normal; font-variant-caps: normal;\"><span style=\"font-weight: bolder;\">Contenu embarqu\u00e9 depuis d\u2019autres sites<\/span><\/h2><p style=\"margin-block: 0px 0.9rem; color: #000000; font-family: Vidaloka, sans-serif; font-size: 15px; font-style: normal; font-variant-ligatures: normal; font-variant-caps: normal; font-weight: 400;\">Les articles de ce site peuvent inclure des contenus int\u00e9gr\u00e9s (par exemple des vid\u00e9os, images, articles\u2026). Le contenu int\u00e9gr\u00e9 depuis d\u2019autres sites se comporte de la m\u00eame mani\u00e8re que si le visiteur se rendait sur cet autre site.<\/p><p style=\"margin-block: 0px 0.9rem; color: #000000; font-family: Vidaloka, sans-serif; font-size: 15px; font-style: normal; font-variant-ligatures: normal; font-variant-caps: normal; font-weight: 400;\">Ces sites web pourraient collecter des donn\u00e9es sur vous, utiliser des cookies, embarquer des outils de suivis tiers, suivre vos interactions avec ces contenus embarqu\u00e9s si vous disposez d\u2019un compte connect\u00e9 sur leur site web.<\/p><h2 style=\"margin-block: 0.5rem 1rem; font-family: Vidaloka, sans-serif; font-weight: 500; line-height: 1.2; color: #000000; font-size: 2rem; font-style: normal; font-variant-ligatures: normal; font-variant-caps: normal;\"><span style=\"font-weight: bolder;\">Liens hypertextes<\/span><\/h2><div style=\"color: #000000; font-family: Vidaloka, sans-serif; font-size: 15px; font-style: normal; font-variant-ligatures: normal; font-variant-caps: normal; font-weight: 400;\">Le site www.agnes-nutrisante.fr peut contenir des liens hypertextes vers d\u2019autres sites pr\u00e9sents sur le r\u00e9seau Internet. Le site www.agnes-nutrisante.fr n\u2019est plus responsable de ce que pourrait arriver lorsque l\u2019utilisateur quitte le site vers ces liens.<br \/>Il est possible de cr\u00e9er un lien vers l\u2019une des pages de ce site sans autorisation. Il convient toutefois d\u2019afficher ce site dans une nouvelle fen\u00eatre du navigateur. Cependant, l\u2019\u00e9diteur se r\u00e9serve le droit de demander la suppression d\u2019un lien qu\u2019il estime non conforme sans devoir se justifier.<\/div><h2 style=\"margin-block: 0.5rem 1rem; font-family: Vidaloka, sans-serif; font-weight: 500; line-height: 1.2; color: #000000; font-size: 2rem; font-style: normal; font-variant-ligatures: normal; font-variant-caps: normal;\"><span style=\"font-weight: bolder;\">Donn\u00e9es personnelles<\/span><\/h2><div style=\"color: #000000; font-family: Vidaloka, sans-serif; font-size: 15px; font-style: normal; font-variant-ligatures: normal; font-variant-caps: normal; font-weight: 400;\"><p style=\"margin-block: 0px 0.9rem;\">Le site www.agnes-nutrisante.fr est susceptibles d\u2019enregistrer certaines donn\u00e9es pour des besoins de statiques du site et par le biais du formulaire de contact.<br \/>Suivant la loi Informatique et libert\u00e9s en date du 06 janvier 1978, article 39 et 40, l\u2019Utilisateur dispose du droit d\u2019acc\u00e9der, de rectifier, de supprimer et d\u2019opposer ses donn\u00e9es personnelles. L\u2019exercice de ce droit doit ce faire par demande \u00e9crite au propri\u00e9taire du site.\u00a0<\/p><\/div><h2 style=\"margin-block: 0.5rem 1rem; font-family: Vidaloka, sans-serif; font-weight: 500; line-height: 1.2; color: #000000; font-size: 2rem; font-style: normal; font-variant-ligatures: normal; font-variant-caps: normal;\"><span style=\"font-weight: bolder;\">Modification des conditions d\u2019utilisation<\/span>\u00a0<\/h2><div style=\"color: #000000; font-family: Vidaloka, sans-serif; font-size: 15px; font-style: normal; font-variant-ligatures: normal; font-variant-caps: normal; font-weight: 400;\">L\u2019\u00e9diteur se r\u00e9serve la possibilit\u00e9 de modifier, \u00e0 tout moment et sans pr\u00e9avis, les pr\u00e9sentes conditions d\u2019utilisation afin de les adapter aux \u00e9volutions du site\/et ou son exploitation.<\/div><p><!-- \/wp:paragraph --><\/p>\t\t\t\t\t\t\t\t<\/div>\n\t\t\t\t<\/div>\n\t\t\t\t\t<\/div>\n\t\t\t\t<\/div>\n\t\t\t\t<\/div>\n\t\t","protected":false},"excerpt":{"rendered":"<p>CONDITIONS D\u2019UTILISATION et MENTIONS LEGALES Conform\u00e9ment aux dispositions de la loi\u00a0n\u00b0 2004-575 du 21 juin 2004 pour la confiance en l\u2019\u00e9conomie num\u00e9rique, il est pr\u00e9cis\u00e9 aux utilisateurs du site www.agnes-nutrisante.fr l\u2019identit\u00e9 des diff\u00e9rents intervenants dans le cadre de sa r\u00e9alisation et de son suivi. \u00a0 Qui sommes-nous\u00a0? Agn\u00e8s Nutri-sant\u00e9 L\u2019adresse de notre site est : [&hellip;]<\/p>\n","protected":false},"author":1,"featured_media":0,"parent":0,"menu_order":0,"comment_status":"closed","ping_status":"closed","template":"","meta":{"ocean_post_layout":"","ocean_both_sidebars_style":"","ocean_both_sidebars_content_width":0,"ocean_both_sidebars_sidebars_width":0,"ocean_sidebar":"","ocean_second_sidebar":"","ocean_disable_margins":"enable","ocean_add_body_class":"","ocean_shortcode_before_top_bar":"","ocean_shortcode_after_top_bar":"","ocean_shortcode_before_header":"","ocean_shortcode_after_header":"","ocean_has_shortcode":"","ocean_shortcode_after_title":"","ocean_shortcode_before_footer_widgets":"","ocean_shortcode_after_footer_widgets":"","ocean_shortcode_before_footer_bottom":"","ocean_shortcode_after_footer_bottom":"","ocean_display_top_bar":"default","ocean_display_header":"default","ocean_header_style":"","ocean_center_header_left_menu":"","ocean_custom_header_template":"","ocean_custom_logo":0,"ocean_custom_retina_logo":0,"ocean_custom_logo_max_width":0,"ocean_custom_logo_tablet_max_width":0,"ocean_custom_logo_mobile_max_width":0,"ocean_custom_logo_max_height":0,"ocean_custom_logo_tablet_max_height":0,"ocean_custom_logo_mobile_max_height":0,"ocean_header_custom_menu":"","ocean_menu_typo_font_family":"","ocean_menu_typo_font_subset":"","ocean_menu_typo_font_size":0,"ocean_menu_typo_font_size_tablet":0,"ocean_menu_typo_font_size_mobile":0,"ocean_menu_typo_font_size_unit":"px","ocean_menu_typo_font_weight":"","ocean_menu_typo_font_weight_tablet":"","ocean_menu_typo_font_weight_mobile":"","ocean_menu_typo_transform":"","ocean_menu_typo_transform_tablet":"","ocean_menu_typo_transform_mobile":"","ocean_menu_typo_line_height":0,"ocean_menu_typo_line_height_tablet":0,"ocean_menu_typo_line_height_mobile":0,"ocean_menu_typo_line_height_unit":"","ocean_menu_typo_spacing":0,"ocean_menu_typo_spacing_tablet":0,"ocean_menu_typo_spacing_mobile":0,"ocean_menu_typo_spacing_unit":"","ocean_menu_link_color":"","ocean_menu_link_color_hover":"","ocean_menu_link_color_active":"","ocean_menu_link_background":"","ocean_menu_link_hover_background":"","ocean_menu_link_active_background":"","ocean_menu_social_links_bg":"","ocean_menu_social_hover_links_bg":"","ocean_menu_social_links_color":"","ocean_menu_social_hover_links_color":"","ocean_disable_title":"on","ocean_disable_heading":"default","ocean_post_title":"","ocean_post_subheading":"","ocean_post_title_style":"","ocean_post_title_background_color":"","ocean_post_title_background":0,"ocean_post_title_bg_image_position":"","ocean_post_title_bg_image_attachment":"","ocean_post_title_bg_image_repeat":"","ocean_post_title_bg_image_size":"","ocean_post_title_height":0,"ocean_post_title_bg_overlay":0.5,"ocean_post_title_bg_overlay_color":"","ocean_disable_breadcrumbs":"default","ocean_breadcrumbs_color":"","ocean_breadcrumbs_separator_color":"","ocean_breadcrumbs_links_color":"","ocean_breadcrumbs_links_hover_color":"","ocean_display_footer_widgets":"default","ocean_display_footer_bottom":"default","ocean_custom_footer_template":"","footnotes":""},"class_list":["post-3","page","type-page","status-publish","hentry","entry"],"yoast_head":"<!-- This site is optimized with the Yoast SEO plugin v26.9 - https:\/\/yoast.com\/product\/yoast-seo-wordpress\/ -->\n<title>Politique de confidentialit\u00e9 - Agn\u00e8s-Nutrisant\u00e9<\/title>\n<meta name=\"robots\" content=\"noindex, follow\" \/>\n<meta property=\"og:locale\" content=\"en_US\" \/>\n<meta property=\"og:type\" content=\"article\" \/>\n<meta property=\"og:title\" content=\"Politique de confidentialit\u00e9 - Agn\u00e8s-Nutrisant\u00e9\" \/>\n<meta property=\"og:description\" content=\"CONDITIONS D\u2019UTILISATION et MENTIONS LEGALES Conform\u00e9ment aux dispositions de la loi\u00a0n\u00b0 2004-575 du 21 juin 2004 pour la confiance en l\u2019\u00e9conomie num\u00e9rique, il est pr\u00e9cis\u00e9 aux utilisateurs du site www.agnes-nutrisante.fr l\u2019identit\u00e9 des diff\u00e9rents intervenants dans le cadre de sa r\u00e9alisation et de son suivi. \u00a0 Qui sommes-nous\u00a0? Agn\u00e8s Nutri-sant\u00e9 L\u2019adresse de notre site est : [&hellip;]\" \/>\n<meta property=\"og:url\" content=\"https:\/\/agnes-nutrisante.fr\/?page_id=3\" \/>\n<meta property=\"og:site_name\" content=\"Agn\u00e8s-Nutrisant\u00e9\" \/>\n<meta property=\"article:modified_time\" content=\"2025-10-16T09:38:54+00:00\" \/>\n<meta name=\"twitter:card\" content=\"summary_large_image\" \/>\n<meta name=\"twitter:label1\" content=\"Est. reading time\" \/>\n\t<meta name=\"twitter:data1\" content=\"4 minutes\" \/>\n<script type=\"application\/ld+json\" class=\"yoast-schema-graph\">{\"@context\":\"https:\/\/schema.org\",\"@graph\":[{\"@type\":\"WebPage\",\"@id\":\"https:\/\/agnes-nutrisante.fr\/?page_id=3\",\"url\":\"https:\/\/agnes-nutrisante.fr\/?page_id=3\",\"name\":\"Politique de confidentialit\u00e9 - Agn\u00e8s-Nutrisant\u00e9\",\"isPartOf\":{\"@id\":\"https:\/\/agnes-nutrisante.fr\/#website\"},\"datePublished\":\"2023-09-25T05:50:26+00:00\",\"dateModified\":\"2025-10-16T09:38:54+00:00\",\"breadcrumb\":{\"@id\":\"https:\/\/agnes-nutrisante.fr\/?page_id=3#breadcrumb\"},\"inLanguage\":\"en-US\",\"potentialAction\":[{\"@type\":\"ReadAction\",\"target\":[\"https:\/\/agnes-nutrisante.fr\/?page_id=3\"]}]},{\"@type\":\"BreadcrumbList\",\"@id\":\"https:\/\/agnes-nutrisante.fr\/?page_id=3#breadcrumb\",\"itemListElement\":[{\"@type\":\"ListItem\",\"position\":1,\"name\":\"Accueil\",\"item\":\"https:\/\/agnes-nutrisante.fr\/\"},{\"@type\":\"ListItem\",\"position\":2,\"name\":\"Politique de confidentialit\u00e9\"}]},{\"@type\":\"WebSite\",\"@id\":\"https:\/\/agnes-nutrisante.fr\/#website\",\"url\":\"https:\/\/agnes-nutrisante.fr\/\",\"name\":\"Agn\u00e8s-Nutrisant\u00e9\",\"description\":\"\",\"potentialAction\":[{\"@type\":\"SearchAction\",\"target\":{\"@type\":\"EntryPoint\",\"urlTemplate\":\"https:\/\/agnes-nutrisante.fr\/?s={search_term_string}\"},\"query-input\":{\"@type\":\"PropertyValueSpecification\",\"valueRequired\":true,\"valueName\":\"search_term_string\"}}],\"inLanguage\":\"en-US\"}]}<\/script>\n<!-- \/ Yoast SEO plugin. -->","yoast_head_json":{"title":"Politique de confidentialit\u00e9 - Agn\u00e8s-Nutrisant\u00e9","robots":{"index":"noindex","follow":"follow"},"og_locale":"en_US","og_type":"article","og_title":"Politique de confidentialit\u00e9 - Agn\u00e8s-Nutrisant\u00e9","og_description":"CONDITIONS D\u2019UTILISATION et MENTIONS LEGALES Conform\u00e9ment aux dispositions de la loi\u00a0n\u00b0 2004-575 du 21 juin 2004 pour la confiance en l\u2019\u00e9conomie num\u00e9rique, il est pr\u00e9cis\u00e9 aux utilisateurs du site www.agnes-nutrisante.fr l\u2019identit\u00e9 des diff\u00e9rents intervenants dans le cadre de sa r\u00e9alisation et de son suivi. \u00a0 Qui sommes-nous\u00a0? Agn\u00e8s Nutri-sant\u00e9 L\u2019adresse de notre site est : [&hellip;]","og_url":"https:\/\/agnes-nutrisante.fr\/?page_id=3","og_site_name":"Agn\u00e8s-Nutrisant\u00e9","article_modified_time":"2025-10-16T09:38:54+00:00","twitter_card":"summary_large_image","twitter_misc":{"Est. reading time":"4 minutes"},"schema":{"@context":"https:\/\/schema.org","@graph":[{"@type":"WebPage","@id":"https:\/\/agnes-nutrisante.fr\/?page_id=3","url":"https:\/\/agnes-nutrisante.fr\/?page_id=3","name":"Politique de confidentialit\u00e9 - Agn\u00e8s-Nutrisant\u00e9","isPartOf":{"@id":"https:\/\/agnes-nutrisante.fr\/#website"},"datePublished":"2023-09-25T05:50:26+00:00","dateModified":"2025-10-16T09:38:54+00:00","breadcrumb":{"@id":"https:\/\/agnes-nutrisante.fr\/?page_id=3#breadcrumb"},"inLanguage":"en-US","potentialAction":[{"@type":"ReadAction","target":["https:\/\/agnes-nutrisante.fr\/?page_id=3"]}]},{"@type":"BreadcrumbList","@id":"https:\/\/agnes-nutrisante.fr\/?page_id=3#breadcrumb","itemListElement":[{"@type":"ListItem","position":1,"name":"Accueil","item":"https:\/\/agnes-nutrisante.fr\/"},{"@type":"ListItem","position":2,"name":"Politique de confidentialit\u00e9"}]},{"@type":"WebSite","@id":"https:\/\/agnes-nutrisante.fr\/#website","url":"https:\/\/agnes-nutrisante.fr\/","name":"Agn\u00e8s-Nutrisant\u00e9","description":"","potentialAction":[{"@type":"SearchAction","target":{"@type":"EntryPoint","urlTemplate":"https:\/\/agnes-nutrisante.fr\/?s={search_term_string}"},"query-input":{"@type":"PropertyValueSpecification","valueRequired":true,"valueName":"search_term_string"}}],"inLanguage":"en-US"}]}},"_links":{"self":[{"href":"https:\/\/agnes-nutrisante.fr\/index.php?rest_route=\/wp\/v2\/pages\/3","targetHints":{"allow":["GET"]}}],"collection":[{"href":"https:\/\/agnes-nutrisante.fr\/index.php?rest_route=\/wp\/v2\/pages"}],"about":[{"href":"https:\/\/agnes-nutrisante.fr\/index.php?rest_route=\/wp\/v2\/types\/page"}],"author":[{"embeddable":true,"href":"https:\/\/agnes-nutrisante.fr\/index.php?rest_route=\/wp\/v2\/users\/1"}],"replies":[{"embeddable":true,"href":"https:\/\/agnes-nutrisante.fr\/index.php?rest_route=%2Fwp%2Fv2%2Fcomments&post=3"}],"version-history":[{"count":14,"href":"https:\/\/agnes-nutrisante.fr\/index.php?rest_route=\/wp\/v2\/pages\/3\/revisions"}],"predecessor-version":[{"id":770,"href":"https:\/\/agnes-nutrisante.fr\/index.php?rest_route=\/wp\/v2\/pages\/3\/revisions\/770"}],"wp:attachment":[{"href":"https:\/\/agnes-nutrisante.fr\/index.php?rest_route=%2Fwp%2Fv2%2Fmedia&parent=3"}],"curies":[{"name":"wp","href":"https:\/\/api.w.org\/{rel}","templated":true}]}}